{"id":419,"date":"2022-04-07T13:22:43","date_gmt":"2022-04-07T13:22:43","guid":{"rendered":"https:\/\/audioquali.com.br\/?post_type=product&#038;p=419"},"modified":"2022-04-07T13:22:44","modified_gmt":"2022-04-07T13:22:44","slug":"perfect-dry-lux-desumidificador-eletrico","status":"publish","type":"product","link":"https:\/\/audioquali.com.br\/index.php\/produto\/perfect-dry-lux-desumidificador-eletrico\/","title":{"rendered":"Perfect Dry Lux (Desumidificador El\u00e9trico)"},"content":{"rendered":"<p>Funciona de forma simples e autom\u00e1tica, realiza a desumidifica\u00e7\u00e3o profunda e ainda possui luz ultravioleta que possui propriedade de eliminar um grande n\u00famero de fungos e bact\u00e9rias, o que diminui os riscos de contamina\u00e7\u00e3o por v\u00edrus e bact\u00e9rias. Al\u00e9m disso \u00e9 leve, discreto e silencioso.<\/p>\n","protected":false},"excerpt":{"rendered":"<p>Funciona de forma simples e autom\u00e1tica, realiza a desumidifica\u00e7\u00e3o profunda e ainda possui luz ultravioleta que possui propriedade de eliminar um grande n\u00famero de fungos e bact\u00e9rias, o que diminui os riscos de contamina\u00e7\u00e3o por v\u00edrus e bact\u00e9rias. Al\u00e9m disso \u00e9 leve, discreto e silencioso.<\/p>\n","protected":false},"featured_media":420,"comment_status":"open","ping_status":"closed","template":"","meta":[],"product_brand":[],"product_cat":[31],"product_tag":[],"class_list":{"0":"post-419","1":"product","2":"type-product","3":"status-publish","4":"has-post-thumbnail","6":"product_cat-acessorios","8":"first","9":"instock","10":"shipping-taxable","11":"product-type-simple"},"_links":{"self":[{"href":"https:\/\/audioquali.com.br\/index.php\/wp-json\/wp\/v2\/product\/419","targetHints":{"allow":["GET"]}}],"collection":[{"href":"https:\/\/audioquali.com.br\/index.php\/wp-json\/wp\/v2\/product"}],"about":[{"href":"https:\/\/audioquali.com.br\/index.php\/wp-json\/wp\/v2\/types\/product"}],"replies":[{"embeddable":true,"href":"https:\/\/audioquali.com.br\/index.php\/wp-json\/wp\/v2\/comments?post=419"}],"wp:featuredmedia":[{"embeddable":true,"href":"https:\/\/audioquali.com.br\/index.php\/wp-json\/wp\/v2\/media\/420"}],"wp:attachment":[{"href":"https:\/\/audioquali.com.br\/index.php\/wp-json\/wp\/v2\/media?parent=419"}],"wp:term":[{"taxonomy":"product_brand","embeddable":true,"href":"https:\/\/audioquali.com.br\/index.php\/wp-json\/wp\/v2\/product_brand?post=419"},{"taxonomy":"product_cat","embeddable":true,"href":"https:\/\/audioquali.com.br\/index.php\/wp-json\/wp\/v2\/product_cat?post=419"},{"taxonomy":"product_tag","embeddable":true,"href":"https:\/\/audioquali.com.br\/index.php\/wp-json\/wp\/v2\/product_tag?post=419"}],"curies":[{"name":"wp","href":"https:\/\/api.w.org\/{rel}","templated":true}]}}