{"id":411,"date":"2022-04-07T13:14:36","date_gmt":"2022-04-07T13:14:36","guid":{"rendered":"https:\/\/audioquali.com.br\/?post_type=product&#038;p=411"},"modified":"2022-04-07T13:14:36","modified_gmt":"2022-04-07T13:14:36","slug":"smart-li-ion-power","status":"publish","type":"product","link":"https:\/\/audioquali.com.br\/index.php\/produto\/smart-li-ion-power\/","title":{"rendered":"Smart Li-Ion Power"},"content":{"rendered":"<p>Apresenta fun\u00e7\u00e3o de carregador para aparelhos da plataforma G5 ou menos. Al\u00e9m de recarregar tamb\u00e9m desumidifica os aparelhos.<\/p>\n","protected":false},"excerpt":{"rendered":"<p>Apresenta fun\u00e7\u00e3o de carregador para aparelhos da plataforma G5 ou menos. Al\u00e9m de recarregar tamb\u00e9m desumidifica os aparelhos.<\/p>\n","protected":false},"featured_media":412,"comment_status":"open","ping_status":"closed","template":"","meta":[],"product_brand":[],"product_cat":[31],"product_tag":[],"class_list":{"0":"post-411","1":"product","2":"type-product","3":"status-publish","4":"has-post-thumbnail","6":"product_cat-acessorios","8":"first","9":"instock","10":"shipping-taxable","11":"product-type-simple"},"_links":{"self":[{"href":"https:\/\/audioquali.com.br\/index.php\/wp-json\/wp\/v2\/product\/411","targetHints":{"allow":["GET"]}}],"collection":[{"href":"https:\/\/audioquali.com.br\/index.php\/wp-json\/wp\/v2\/product"}],"about":[{"href":"https:\/\/audioquali.com.br\/index.php\/wp-json\/wp\/v2\/types\/product"}],"replies":[{"embeddable":true,"href":"https:\/\/audioquali.com.br\/index.php\/wp-json\/wp\/v2\/comments?post=411"}],"wp:featuredmedia":[{"embeddable":true,"href":"https:\/\/audioquali.com.br\/index.php\/wp-json\/wp\/v2\/media\/412"}],"wp:attachment":[{"href":"https:\/\/audioquali.com.br\/index.php\/wp-json\/wp\/v2\/media?parent=411"}],"wp:term":[{"taxonomy":"product_brand","embeddable":true,"href":"https:\/\/audioquali.com.br\/index.php\/wp-json\/wp\/v2\/product_brand?post=411"},{"taxonomy":"product_cat","embeddable":true,"href":"https:\/\/audioquali.com.br\/index.php\/wp-json\/wp\/v2\/product_cat?post=411"},{"taxonomy":"product_tag","embeddable":true,"href":"https:\/\/audioquali.com.br\/index.php\/wp-json\/wp\/v2\/product_tag?post=411"}],"curies":[{"name":"wp","href":"https:\/\/api.w.org\/{rel}","templated":true}]}}