{"id":409,"date":"2022-04-07T13:12:56","date_gmt":"2022-04-07T13:12:56","guid":{"rendered":"https:\/\/audioquali.com.br\/?post_type=product&#038;p=409"},"modified":"2022-04-07T13:12:56","modified_gmt":"2022-04-07T13:12:56","slug":"carregador-mood-li-ion","status":"publish","type":"product","link":"https:\/\/audioquali.com.br\/index.php\/produto\/carregador-mood-li-ion\/","title":{"rendered":"Carregador Mood Li-Ion"},"content":{"rendered":"<p>O carregador do Mood Li-ion G6 apresenta uma tampa abre e fecha, e al\u00e9m da de recarregar os aparelhos auditivos, ainda trabalha como desumidificador, com dupla fun\u00e7\u00e3o.<\/p>\n","protected":false},"excerpt":{"rendered":"<p>O carregador do Mood Li-ion G6 apresenta uma tampa abre e fecha, e al\u00e9m da de recarregar os aparelhos auditivos, ainda trabalha como desumidificador, com dupla fun\u00e7\u00e3o.<\/p>\n","protected":false},"featured_media":410,"comment_status":"open","ping_status":"closed","template":"","meta":[],"product_brand":[],"product_cat":[31],"product_tag":[],"class_list":{"0":"post-409","1":"product","2":"type-product","3":"status-publish","4":"has-post-thumbnail","6":"product_cat-acessorios","8":"first","9":"instock","10":"shipping-taxable","11":"product-type-simple"},"_links":{"self":[{"href":"https:\/\/audioquali.com.br\/index.php\/wp-json\/wp\/v2\/product\/409","targetHints":{"allow":["GET"]}}],"collection":[{"href":"https:\/\/audioquali.com.br\/index.php\/wp-json\/wp\/v2\/product"}],"about":[{"href":"https:\/\/audioquali.com.br\/index.php\/wp-json\/wp\/v2\/types\/product"}],"replies":[{"embeddable":true,"href":"https:\/\/audioquali.com.br\/index.php\/wp-json\/wp\/v2\/comments?post=409"}],"wp:featuredmedia":[{"embeddable":true,"href":"https:\/\/audioquali.com.br\/index.php\/wp-json\/wp\/v2\/media\/410"}],"wp:attachment":[{"href":"https:\/\/audioquali.com.br\/index.php\/wp-json\/wp\/v2\/media?parent=409"}],"wp:term":[{"taxonomy":"product_brand","embeddable":true,"href":"https:\/\/audioquali.com.br\/index.php\/wp-json\/wp\/v2\/product_brand?post=409"},{"taxonomy":"product_cat","embeddable":true,"href":"https:\/\/audioquali.com.br\/index.php\/wp-json\/wp\/v2\/product_cat?post=409"},{"taxonomy":"product_tag","embeddable":true,"href":"https:\/\/audioquali.com.br\/index.php\/wp-json\/wp\/v2\/product_tag?post=409"}],"curies":[{"name":"wp","href":"https:\/\/api.w.org\/{rel}","templated":true}]}}