{"id":407,"date":"2022-04-07T13:11:54","date_gmt":"2022-04-07T13:11:54","guid":{"rendered":"https:\/\/audioquali.com.br\/?post_type=product&#038;p=407"},"modified":"2022-04-07T13:11:54","modified_gmt":"2022-04-07T13:11:54","slug":"hp-g4","status":"publish","type":"product","link":"https:\/\/audioquali.com.br\/index.php\/produto\/hp-g4\/","title":{"rendered":"HP G4"},"content":{"rendered":"<p>O aparelho auditivo de alta pot\u00eancia HP \u00e9 a solu\u00e7\u00e3o para perda auditiva de grau profundo. Com elementos de controle separados para sele\u00e7\u00e3o de programa e configura\u00e7\u00e3o de volume, o HP permite f\u00e1cil ajuste a par\u00e2metros individuais em diferentes situa\u00e7\u00f5es.<\/p>\n<p>F\u00e1cil ajuste de programas de audi\u00e7\u00e3o e volume tamb\u00e9m \u00e9 poss\u00edvel com o Smart Remote App.<\/p>\n<ul>\n<li>BTE de alta pot\u00eancia com tamanho de bateria 675;<\/li>\n<li>Para adapta\u00e7\u00e3o apenas com molde auricular;<\/li>\n<li>Bot\u00e3o de volume.<\/li>\n<\/ul>\n","protected":false},"excerpt":{"rendered":"<p>O aparelho auditivo de alta pot\u00eancia HP \u00e9 a solu\u00e7\u00e3o para perda auditiva de grau profundo. Com elementos de controle separados para sele\u00e7\u00e3o de programa e configura\u00e7\u00e3o de volume, o HP permite f\u00e1cil ajuste a par\u00e2metros individuais em diferentes situa\u00e7\u00f5es. F\u00e1cil ajuste de programas de audi\u00e7\u00e3o e volume tamb\u00e9m \u00e9 poss\u00edvel com o Smart Remote [&hellip;]<\/p>\n","protected":false},"featured_media":408,"comment_status":"open","ping_status":"closed","template":"","meta":[],"product_brand":[],"product_cat":[30],"product_tag":[],"class_list":{"0":"post-407","1":"product","2":"type-product","3":"status-publish","4":"has-post-thumbnail","6":"product_cat-bte","8":"first","9":"instock","10":"shipping-taxable","11":"product-type-simple"},"_links":{"self":[{"href":"https:\/\/audioquali.com.br\/index.php\/wp-json\/wp\/v2\/product\/407","targetHints":{"allow":["GET"]}}],"collection":[{"href":"https:\/\/audioquali.com.br\/index.php\/wp-json\/wp\/v2\/product"}],"about":[{"href":"https:\/\/audioquali.com.br\/index.php\/wp-json\/wp\/v2\/types\/product"}],"replies":[{"embeddable":true,"href":"https:\/\/audioquali.com.br\/index.php\/wp-json\/wp\/v2\/comments?post=407"}],"wp:featuredmedia":[{"embeddable":true,"href":"https:\/\/audioquali.com.br\/index.php\/wp-json\/wp\/v2\/media\/408"}],"wp:attachment":[{"href":"https:\/\/audioquali.com.br\/index.php\/wp-json\/wp\/v2\/media?parent=407"}],"wp:term":[{"taxonomy":"product_brand","embeddable":true,"href":"https:\/\/audioquali.com.br\/index.php\/wp-json\/wp\/v2\/product_brand?post=407"},{"taxonomy":"product_cat","embeddable":true,"href":"https:\/\/audioquali.com.br\/index.php\/wp-json\/wp\/v2\/product_cat?post=407"},{"taxonomy":"product_tag","embeddable":true,"href":"https:\/\/audioquali.com.br\/index.php\/wp-json\/wp\/v2\/product_tag?post=407"}],"curies":[{"name":"wp","href":"https:\/\/api.w.org\/{rel}","templated":true}]}}