{"id":405,"date":"2022-04-07T13:10:58","date_gmt":"2022-04-07T13:10:58","guid":{"rendered":"https:\/\/audioquali.com.br\/?post_type=product&#038;p=405"},"modified":"2022-04-07T13:10:58","modified_gmt":"2022-04-07T13:10:58","slug":"duo-g5","status":"publish","type":"product","link":"https:\/\/audioquali.com.br\/index.php\/produto\/duo-g5\/","title":{"rendered":"DUO G5"},"content":{"rendered":"<p>Os aparelhos auditivos DUO G5 s\u00e3o adequados para diferentes graus de perda auditiva. Destaca-se pelo conforto auditivo.<\/p>\n<ul>\n<li>Aparelho BTE com bateria pilha 13;<\/li>\n<li>\u00danica marca no mercado com recurso dispon\u00edvel para melhorar a percep\u00e7\u00e3o da pr\u00f3pria voz;<\/li>\n<li>Indicado para pacientes com perda auditiva at\u00e9 grau severo;<\/li>\n<li>Adapta\u00e7\u00e3o aberta ou com molde auricular;<\/li>\n<li>Conectividade com o celular.<\/li>\n<\/ul>\n","protected":false},"excerpt":{"rendered":"<p>Os aparelhos auditivos DUO G5 s\u00e3o adequados para diferentes graus de perda auditiva. Destaca-se pelo conforto auditivo. Aparelho BTE com bateria pilha 13; \u00danica marca no mercado com recurso dispon\u00edvel para melhorar a percep\u00e7\u00e3o da pr\u00f3pria voz; Indicado para pacientes com perda auditiva at\u00e9 grau severo; Adapta\u00e7\u00e3o aberta ou com molde auricular; Conectividade com o [&hellip;]<\/p>\n","protected":false},"featured_media":406,"comment_status":"open","ping_status":"closed","template":"","meta":[],"product_brand":[],"product_cat":[30],"product_tag":[],"class_list":{"0":"post-405","1":"product","2":"type-product","3":"status-publish","4":"has-post-thumbnail","6":"product_cat-bte","8":"first","9":"instock","10":"shipping-taxable","11":"product-type-simple"},"_links":{"self":[{"href":"https:\/\/audioquali.com.br\/index.php\/wp-json\/wp\/v2\/product\/405","targetHints":{"allow":["GET"]}}],"collection":[{"href":"https:\/\/audioquali.com.br\/index.php\/wp-json\/wp\/v2\/product"}],"about":[{"href":"https:\/\/audioquali.com.br\/index.php\/wp-json\/wp\/v2\/types\/product"}],"replies":[{"embeddable":true,"href":"https:\/\/audioquali.com.br\/index.php\/wp-json\/wp\/v2\/comments?post=405"}],"wp:featuredmedia":[{"embeddable":true,"href":"https:\/\/audioquali.com.br\/index.php\/wp-json\/wp\/v2\/media\/406"}],"wp:attachment":[{"href":"https:\/\/audioquali.com.br\/index.php\/wp-json\/wp\/v2\/media?parent=405"}],"wp:term":[{"taxonomy":"product_brand","embeddable":true,"href":"https:\/\/audioquali.com.br\/index.php\/wp-json\/wp\/v2\/product_brand?post=405"},{"taxonomy":"product_cat","embeddable":true,"href":"https:\/\/audioquali.com.br\/index.php\/wp-json\/wp\/v2\/product_cat?post=405"},{"taxonomy":"product_tag","embeddable":true,"href":"https:\/\/audioquali.com.br\/index.php\/wp-json\/wp\/v2\/product_tag?post=405"}],"curies":[{"name":"wp","href":"https:\/\/api.w.org\/{rel}","templated":true}]}}