{"id":403,"date":"2022-04-07T13:10:14","date_gmt":"2022-04-07T13:10:14","guid":{"rendered":"https:\/\/audioquali.com.br\/?post_type=product&#038;p=403"},"modified":"2022-04-07T13:10:14","modified_gmt":"2022-04-07T13:10:14","slug":"duo-li-ion-g6","status":"publish","type":"product","link":"https:\/\/audioquali.com.br\/index.php\/produto\/duo-li-ion-g6\/","title":{"rendered":"DUO Li-Ion G6"},"content":{"rendered":"<p>Este vers\u00e1til aparelho BTE foi feito para adaptar-se aos mais diversos tipos de perdas auditivas e apresenta um elegante design. Al\u00e9m disso, o DUO Li-Ion G6 pode ser utilizado para adapta\u00e7\u00e3o aberta ou fechada.<\/p>\n<ul>\n<li>Sistema auditivo Mini-BTE com bateria de \u00edons de l\u00edtio<\/li>\n<li>Carregamento com bateria de \u00edons de l\u00edtio;<\/li>\n<li>Indicado para pacientes com perda auditiva at\u00e9 grau severo;<\/li>\n<li>Sensor de movimento integrado;<\/li>\n<li>\u00danica marca no mercado com recurso dispon\u00edvel para melhorar a percep\u00e7\u00e3o da pr\u00f3pria voz;<\/li>\n<li>Conectividade com o celular.<\/li>\n<\/ul>\n","protected":false},"excerpt":{"rendered":"<p>Este vers\u00e1til aparelho BTE foi feito para adaptar-se aos mais diversos tipos de perdas auditivas e apresenta um elegante design. Al\u00e9m disso, o DUO Li-Ion G6 pode ser utilizado para adapta\u00e7\u00e3o aberta ou fechada. Sistema auditivo Mini-BTE com bateria de \u00edons de l\u00edtio Carregamento com bateria de \u00edons de l\u00edtio; Indicado para pacientes com perda [&hellip;]<\/p>\n","protected":false},"featured_media":404,"comment_status":"open","ping_status":"closed","template":"","meta":[],"product_brand":[],"product_cat":[30],"product_tag":[],"class_list":{"0":"post-403","1":"product","2":"type-product","3":"status-publish","4":"has-post-thumbnail","6":"product_cat-bte","8":"first","9":"instock","10":"shipping-taxable","11":"product-type-simple"},"_links":{"self":[{"href":"https:\/\/audioquali.com.br\/index.php\/wp-json\/wp\/v2\/product\/403","targetHints":{"allow":["GET"]}}],"collection":[{"href":"https:\/\/audioquali.com.br\/index.php\/wp-json\/wp\/v2\/product"}],"about":[{"href":"https:\/\/audioquali.com.br\/index.php\/wp-json\/wp\/v2\/types\/product"}],"replies":[{"embeddable":true,"href":"https:\/\/audioquali.com.br\/index.php\/wp-json\/wp\/v2\/comments?post=403"}],"wp:featuredmedia":[{"embeddable":true,"href":"https:\/\/audioquali.com.br\/index.php\/wp-json\/wp\/v2\/media\/404"}],"wp:attachment":[{"href":"https:\/\/audioquali.com.br\/index.php\/wp-json\/wp\/v2\/media?parent=403"}],"wp:term":[{"taxonomy":"product_brand","embeddable":true,"href":"https:\/\/audioquali.com.br\/index.php\/wp-json\/wp\/v2\/product_brand?post=403"},{"taxonomy":"product_cat","embeddable":true,"href":"https:\/\/audioquali.com.br\/index.php\/wp-json\/wp\/v2\/product_cat?post=403"},{"taxonomy":"product_tag","embeddable":true,"href":"https:\/\/audioquali.com.br\/index.php\/wp-json\/wp\/v2\/product_tag?post=403"}],"curies":[{"name":"wp","href":"https:\/\/api.w.org\/{rel}","templated":true}]}}