{"id":401,"date":"2022-04-07T13:08:36","date_gmt":"2022-04-07T13:08:36","guid":{"rendered":"https:\/\/audioquali.com.br\/?post_type=product&#038;p=401"},"modified":"2022-04-07T13:08:36","modified_gmt":"2022-04-07T13:08:36","slug":"p-g5","status":"publish","type":"product","link":"https:\/\/audioquali.com.br\/index.php\/produto\/p-g5\/","title":{"rendered":"P G5"},"content":{"rendered":"<p>Os confi\u00e1veis aparelhos auditivos P G5 aproveitam toda a pot\u00eancia da tecnologia G5. Com o Occlumatic, o Direct Audio Streaming e mais, voc\u00ea experimentar\u00e1 conectividade total e excelente som, mesmo com perda auditiva avan\u00e7ada. Um aplicativo de smartphone est\u00e1 dispon\u00edvel para permitir que o usu\u00e1rio ajuste convenientemente os programas e o volume.<\/p>\n<ul>\n<li>Aparelho auditivo Power BTE com bateria tamanho 13<\/li>\n<li>Indicado para pacientes com perda auditiva at\u00e9 grau severo;<\/li>\n<li>\u00danica marca no mercado com recurso dispon\u00edvel para melhorar a percep\u00e7\u00e3o da pr\u00f3pria voz;<\/li>\n<li>Adapta\u00e7\u00e3o aberta ou com molde auricular;<\/li>\n<li>Conectividade com o celular.<\/li>\n<\/ul>\n","protected":false},"excerpt":{"rendered":"<p>Os confi\u00e1veis aparelhos auditivos P G5 aproveitam toda a pot\u00eancia da tecnologia G5. Com o Occlumatic, o Direct Audio Streaming e mais, voc\u00ea experimentar\u00e1 conectividade total e excelente som, mesmo com perda auditiva avan\u00e7ada. Um aplicativo de smartphone est\u00e1 dispon\u00edvel para permitir que o usu\u00e1rio ajuste convenientemente os programas e o volume. Aparelho auditivo Power [&hellip;]<\/p>\n","protected":false},"featured_media":402,"comment_status":"open","ping_status":"closed","template":"","meta":[],"product_brand":[],"product_cat":[30],"product_tag":[],"class_list":{"0":"post-401","1":"product","2":"type-product","3":"status-publish","4":"has-post-thumbnail","6":"product_cat-bte","8":"first","9":"instock","10":"shipping-taxable","11":"product-type-simple"},"_links":{"self":[{"href":"https:\/\/audioquali.com.br\/index.php\/wp-json\/wp\/v2\/product\/401","targetHints":{"allow":["GET"]}}],"collection":[{"href":"https:\/\/audioquali.com.br\/index.php\/wp-json\/wp\/v2\/product"}],"about":[{"href":"https:\/\/audioquali.com.br\/index.php\/wp-json\/wp\/v2\/types\/product"}],"replies":[{"embeddable":true,"href":"https:\/\/audioquali.com.br\/index.php\/wp-json\/wp\/v2\/comments?post=401"}],"wp:featuredmedia":[{"embeddable":true,"href":"https:\/\/audioquali.com.br\/index.php\/wp-json\/wp\/v2\/media\/402"}],"wp:attachment":[{"href":"https:\/\/audioquali.com.br\/index.php\/wp-json\/wp\/v2\/media?parent=401"}],"wp:term":[{"taxonomy":"product_brand","embeddable":true,"href":"https:\/\/audioquali.com.br\/index.php\/wp-json\/wp\/v2\/product_brand?post=401"},{"taxonomy":"product_cat","embeddable":true,"href":"https:\/\/audioquali.com.br\/index.php\/wp-json\/wp\/v2\/product_cat?post=401"},{"taxonomy":"product_tag","embeddable":true,"href":"https:\/\/audioquali.com.br\/index.php\/wp-json\/wp\/v2\/product_tag?post=401"}],"curies":[{"name":"wp","href":"https:\/\/api.w.org\/{rel}","templated":true}]}}