{"id":399,"date":"2022-04-07T13:07:39","date_gmt":"2022-04-07T13:07:39","guid":{"rendered":"https:\/\/audioquali.com.br\/?post_type=product&#038;p=399"},"modified":"2022-04-07T13:07:39","modified_gmt":"2022-04-07T13:07:39","slug":"p-li-ion-g6","status":"publish","type":"product","link":"https:\/\/audioquali.com.br\/index.php\/produto\/p-li-ion-g6\/","title":{"rendered":"P Li-Ion G6"},"content":{"rendered":"<p>Com um lindo design e bateria recarreg\u00e1vel, o P Li-Ion apresenta qualidade sonora perfeita para o dia a dia. Al\u00e9m de ser uma \u00f3tima op\u00e7\u00e3o para usu\u00e1rios com infec\u00e7\u00e3o recorrente.<\/p>\n<ul>\n<li>Carregamento com bateria de \u00edons de l\u00edtio;<\/li>\n<li>Indicado para pacientes com perda auditiva at\u00e9 grau severo;<\/li>\n<li>Sensor de movimento integrado;<\/li>\n<li>\u00danica marca no mercado com recurso dispon\u00edvel para melhorar a percep\u00e7\u00e3o da pr\u00f3pria voz;<\/li>\n<li>Adapta\u00e7\u00e3o aberta ou com molde auricular;<\/li>\n<li>Conectividade com o celular.<\/li>\n<\/ul>\n","protected":false},"excerpt":{"rendered":"<p>Com um lindo design e bateria recarreg\u00e1vel, o P Li-Ion apresenta qualidade sonora perfeita para o dia a dia. Al\u00e9m de ser uma \u00f3tima op\u00e7\u00e3o para usu\u00e1rios com infec\u00e7\u00e3o recorrente. Carregamento com bateria de \u00edons de l\u00edtio; Indicado para pacientes com perda auditiva at\u00e9 grau severo; Sensor de movimento integrado; \u00danica marca no mercado com [&hellip;]<\/p>\n","protected":false},"featured_media":400,"comment_status":"open","ping_status":"closed","template":"","meta":[],"product_brand":[],"product_cat":[30],"product_tag":[],"class_list":{"0":"post-399","1":"product","2":"type-product","3":"status-publish","4":"has-post-thumbnail","6":"product_cat-bte","8":"first","9":"instock","10":"shipping-taxable","11":"product-type-simple"},"_links":{"self":[{"href":"https:\/\/audioquali.com.br\/index.php\/wp-json\/wp\/v2\/product\/399","targetHints":{"allow":["GET"]}}],"collection":[{"href":"https:\/\/audioquali.com.br\/index.php\/wp-json\/wp\/v2\/product"}],"about":[{"href":"https:\/\/audioquali.com.br\/index.php\/wp-json\/wp\/v2\/types\/product"}],"replies":[{"embeddable":true,"href":"https:\/\/audioquali.com.br\/index.php\/wp-json\/wp\/v2\/comments?post=399"}],"wp:featuredmedia":[{"embeddable":true,"href":"https:\/\/audioquali.com.br\/index.php\/wp-json\/wp\/v2\/media\/400"}],"wp:attachment":[{"href":"https:\/\/audioquali.com.br\/index.php\/wp-json\/wp\/v2\/media?parent=399"}],"wp:term":[{"taxonomy":"product_brand","embeddable":true,"href":"https:\/\/audioquali.com.br\/index.php\/wp-json\/wp\/v2\/product_brand?post=399"},{"taxonomy":"product_cat","embeddable":true,"href":"https:\/\/audioquali.com.br\/index.php\/wp-json\/wp\/v2\/product_cat?post=399"},{"taxonomy":"product_tag","embeddable":true,"href":"https:\/\/audioquali.com.br\/index.php\/wp-json\/wp\/v2\/product_tag?post=399"}],"curies":[{"name":"wp","href":"https:\/\/api.w.org\/{rel}","templated":true}]}}