{"id":397,"date":"2022-04-07T13:06:43","date_gmt":"2022-04-07T13:06:43","guid":{"rendered":"https:\/\/audioquali.com.br\/?post_type=product&#038;p=397"},"modified":"2022-04-07T13:06:43","modified_gmt":"2022-04-07T13:06:43","slug":"slin-ric-stiline-g6","status":"publish","type":"product","link":"https:\/\/audioquali.com.br\/index.php\/produto\/slin-ric-stiline-g6\/","title":{"rendered":"Slin RIC &#8211; Stiline G6"},"content":{"rendered":"<p>Stiline G6 apresenta todas as vantagens audiol\u00f3gicas da tecnologia G6, como Sensor de Movimento, HiRes Comformatic, Transmiss\u00e3o Direta de \u00c1udio e muito mais, s\u00e3o combinadas com o design inovador Slim-RIC. Com duas atraentes combina\u00e7\u00f5es de cores.<\/p>\n<ul>\n<li>Aparelho auditivo receptor no canal;<\/li>\n<li>Para adapta\u00e7\u00e3o aberta e fechada;<\/li>\n<li>Tons de sinal\/melodia dependentes do n\u00edvel;<\/li>\n<li>Transmiss\u00e3o Direta de \u00c1udio via Bluetooth;<\/li>\n<\/ul>\n<ul>\n<li>\u00danica marca no mercado com recurso dispon\u00edvel para melhorar a percep\u00e7\u00e3o da pr\u00f3pria voz;<\/li>\n<\/ul>\n<p>Aparelho apenas com carregador.<\/p>\n","protected":false},"excerpt":{"rendered":"<p>Stiline G6 apresenta todas as vantagens audiol\u00f3gicas da tecnologia G6, como Sensor de Movimento, HiRes Comformatic, Transmiss\u00e3o Direta de \u00c1udio e muito mais, s\u00e3o combinadas com o design inovador Slim-RIC. Com duas atraentes combina\u00e7\u00f5es de cores. Aparelho auditivo receptor no canal; Para adapta\u00e7\u00e3o aberta e fechada; Tons de sinal\/melodia dependentes do n\u00edvel; Transmiss\u00e3o Direta de [&hellip;]<\/p>\n","protected":false},"featured_media":398,"comment_status":"open","ping_status":"closed","template":"","meta":[],"product_brand":[],"product_cat":[29],"product_tag":[],"class_list":{"0":"post-397","1":"product","2":"type-product","3":"status-publish","4":"has-post-thumbnail","6":"product_cat-ric","8":"first","9":"instock","10":"shipping-taxable","11":"product-type-simple"},"_links":{"self":[{"href":"https:\/\/audioquali.com.br\/index.php\/wp-json\/wp\/v2\/product\/397","targetHints":{"allow":["GET"]}}],"collection":[{"href":"https:\/\/audioquali.com.br\/index.php\/wp-json\/wp\/v2\/product"}],"about":[{"href":"https:\/\/audioquali.com.br\/index.php\/wp-json\/wp\/v2\/types\/product"}],"replies":[{"embeddable":true,"href":"https:\/\/audioquali.com.br\/index.php\/wp-json\/wp\/v2\/comments?post=397"}],"wp:featuredmedia":[{"embeddable":true,"href":"https:\/\/audioquali.com.br\/index.php\/wp-json\/wp\/v2\/media\/398"}],"wp:attachment":[{"href":"https:\/\/audioquali.com.br\/index.php\/wp-json\/wp\/v2\/media?parent=397"}],"wp:term":[{"taxonomy":"product_brand","embeddable":true,"href":"https:\/\/audioquali.com.br\/index.php\/wp-json\/wp\/v2\/product_brand?post=397"},{"taxonomy":"product_cat","embeddable":true,"href":"https:\/\/audioquali.com.br\/index.php\/wp-json\/wp\/v2\/product_cat?post=397"},{"taxonomy":"product_tag","embeddable":true,"href":"https:\/\/audioquali.com.br\/index.php\/wp-json\/wp\/v2\/product_tag?post=397"}],"curies":[{"name":"wp","href":"https:\/\/api.w.org\/{rel}","templated":true}]}}