{"id":392,"date":"2022-04-07T13:03:24","date_gmt":"2022-04-07T13:03:24","guid":{"rendered":"https:\/\/audioquali.com.br\/?post_type=product&#038;p=392"},"modified":"2022-04-07T13:03:24","modified_gmt":"2022-04-07T13:03:24","slug":"mood-g6-mood-li-ion-g6","status":"publish","type":"product","link":"https:\/\/audioquali.com.br\/index.php\/produto\/mood-g6-mood-li-ion-g6\/","title":{"rendered":"Mood G6 \/ Mood Li-Ion G6"},"content":{"rendered":"<p>Conhe\u00e7a um novo padr\u00e3o de conforto auditivo. Estes aparelhos oferecem de forma autom\u00e1tica diferentes configura\u00e7\u00f5es em todas as situa\u00e7\u00f5es auditivas.<\/p>\n<ul>\n<li>Sensor de movimento integrado;<\/li>\n<\/ul>\n<ul>\n<li>Programas autom\u00e1ticos com mem\u00f3ria com mais de 120 situa\u00e7\u00f5es auditivas;<\/li>\n<li>Indicado para perdas auditivas de grau leve at\u00e9 grau profundo;<\/li>\n<li>\u00danica marca no mercado com recurso dispon\u00edvel para melhorar a percep\u00e7\u00e3o da pr\u00f3pria voz;<\/li>\n<li>Ip68 \u2013 resist\u00eancia m\u00e1xima para poeira e umidade;<\/li>\n<li>Transmiss\u00e3o direta de \u00e1udio e conectividade com celular;<\/li>\n<li>Aparelho com bateria 312 ou RECARREG\u00c1VEL com baterias de l\u00edtio (escolha de acordo com a necessidade e prefer\u00eancia do usu\u00e1rio). * Vide acess\u00f3rios para verificar o carregador.<\/li>\n<\/ul>\n","protected":false},"excerpt":{"rendered":"<p>Conhe\u00e7a um novo padr\u00e3o de conforto auditivo. Estes aparelhos oferecem de forma autom\u00e1tica diferentes configura\u00e7\u00f5es em todas as situa\u00e7\u00f5es auditivas. Sensor de movimento integrado; Programas autom\u00e1ticos com mem\u00f3ria com mais de 120 situa\u00e7\u00f5es auditivas; Indicado para perdas auditivas de grau leve at\u00e9 grau profundo; \u00danica marca no mercado com recurso dispon\u00edvel para melhorar a percep\u00e7\u00e3o [&hellip;]<\/p>\n","protected":false},"featured_media":393,"comment_status":"open","ping_status":"closed","template":"","meta":[],"product_brand":[],"product_cat":[29],"product_tag":[],"class_list":{"0":"post-392","1":"product","2":"type-product","3":"status-publish","4":"has-post-thumbnail","6":"product_cat-ric","8":"first","9":"instock","10":"shipping-taxable","11":"product-type-simple"},"_links":{"self":[{"href":"https:\/\/audioquali.com.br\/index.php\/wp-json\/wp\/v2\/product\/392","targetHints":{"allow":["GET"]}}],"collection":[{"href":"https:\/\/audioquali.com.br\/index.php\/wp-json\/wp\/v2\/product"}],"about":[{"href":"https:\/\/audioquali.com.br\/index.php\/wp-json\/wp\/v2\/types\/product"}],"replies":[{"embeddable":true,"href":"https:\/\/audioquali.com.br\/index.php\/wp-json\/wp\/v2\/comments?post=392"}],"wp:featuredmedia":[{"embeddable":true,"href":"https:\/\/audioquali.com.br\/index.php\/wp-json\/wp\/v2\/media\/393"}],"wp:attachment":[{"href":"https:\/\/audioquali.com.br\/index.php\/wp-json\/wp\/v2\/media?parent=392"}],"wp:term":[{"taxonomy":"product_brand","embeddable":true,"href":"https:\/\/audioquali.com.br\/index.php\/wp-json\/wp\/v2\/product_brand?post=392"},{"taxonomy":"product_cat","embeddable":true,"href":"https:\/\/audioquali.com.br\/index.php\/wp-json\/wp\/v2\/product_cat?post=392"},{"taxonomy":"product_tag","embeddable":true,"href":"https:\/\/audioquali.com.br\/index.php\/wp-json\/wp\/v2\/product_tag?post=392"}],"curies":[{"name":"wp","href":"https:\/\/api.w.org\/{rel}","templated":true}]}}