{"id":390,"date":"2022-04-07T12:59:35","date_gmt":"2022-04-07T12:59:35","guid":{"rendered":"https:\/\/audioquali.com.br\/?post_type=product&#038;p=390"},"modified":"2022-04-07T12:59:35","modified_gmt":"2022-04-07T12:59:35","slug":"quix-g6","status":"publish","type":"product","link":"https:\/\/audioquali.com.br\/index.php\/produto\/quix-g6\/","title":{"rendered":"quiX G6"},"content":{"rendered":"<p>Os aparelhos auditivos quiX s\u00e3o projetados para um encaixe discreto no canal auditivo. Combina conforto auditivo expecional e qualidade de som natural. Aparelho de adapta\u00e7\u00e3o instant\u00e2nea (dispensa a confec\u00e7\u00e3o de pr\u00e9-molde). Super discreto, praticamente invis\u00edvel devido ao design e cores.<\/p>\n<ul>\n<li>CIC com caixa padr\u00e3o e bateria tamanho 10;<\/li>\n<li>Programas autom\u00e1ticos com mem\u00f3ria para 65 situa\u00e7\u00f5es auditivas em m\u00e9dia;<\/li>\n<li>Indicado para perdas auditivas de grau leve a moderado;<\/li>\n<li>Conectividade com celular.<\/li>\n<\/ul>\n","protected":false},"excerpt":{"rendered":"<p>Os aparelhos auditivos quiX s\u00e3o projetados para um encaixe discreto no canal auditivo. Combina conforto auditivo expecional e qualidade de som natural. Aparelho de adapta\u00e7\u00e3o instant\u00e2nea (dispensa a confec\u00e7\u00e3o de pr\u00e9-molde). Super discreto, praticamente invis\u00edvel devido ao design e cores. CIC com caixa padr\u00e3o e bateria tamanho 10; Programas autom\u00e1ticos com mem\u00f3ria para 65 situa\u00e7\u00f5es [&hellip;]<\/p>\n","protected":false},"featured_media":391,"comment_status":"open","ping_status":"closed","template":"","meta":[],"product_brand":[],"product_cat":[28],"product_tag":[],"class_list":{"0":"post-390","1":"product","2":"type-product","3":"status-publish","4":"has-post-thumbnail","6":"product_cat-instant-fit","8":"first","9":"instock","10":"shipping-taxable","11":"product-type-simple"},"_links":{"self":[{"href":"https:\/\/audioquali.com.br\/index.php\/wp-json\/wp\/v2\/product\/390","targetHints":{"allow":["GET"]}}],"collection":[{"href":"https:\/\/audioquali.com.br\/index.php\/wp-json\/wp\/v2\/product"}],"about":[{"href":"https:\/\/audioquali.com.br\/index.php\/wp-json\/wp\/v2\/types\/product"}],"replies":[{"embeddable":true,"href":"https:\/\/audioquali.com.br\/index.php\/wp-json\/wp\/v2\/comments?post=390"}],"wp:featuredmedia":[{"embeddable":true,"href":"https:\/\/audioquali.com.br\/index.php\/wp-json\/wp\/v2\/media\/391"}],"wp:attachment":[{"href":"https:\/\/audioquali.com.br\/index.php\/wp-json\/wp\/v2\/media?parent=390"}],"wp:term":[{"taxonomy":"product_brand","embeddable":true,"href":"https:\/\/audioquali.com.br\/index.php\/wp-json\/wp\/v2\/product_brand?post=390"},{"taxonomy":"product_cat","embeddable":true,"href":"https:\/\/audioquali.com.br\/index.php\/wp-json\/wp\/v2\/product_cat?post=390"},{"taxonomy":"product_tag","embeddable":true,"href":"https:\/\/audioquali.com.br\/index.php\/wp-json\/wp\/v2\/product_tag?post=390"}],"curies":[{"name":"wp","href":"https:\/\/api.w.org\/{rel}","templated":true}]}}