{"id":388,"date":"2022-04-07T12:57:45","date_gmt":"2022-04-07T12:57:45","guid":{"rendered":"https:\/\/audioquali.com.br\/?post_type=product&#038;p=388"},"modified":"2022-04-07T12:57:46","modified_gmt":"2022-04-07T12:57:46","slug":"ida-bt-g5","status":"publish","type":"product","link":"https:\/\/audioquali.com.br\/index.php\/produto\/ida-bt-g5\/","title":{"rendered":"Ida BT G5"},"content":{"rendered":"<p>O Ida BT G5 \u00e9 um aparelho personalizado com a tecnologia avan\u00e7ada e melhor qualidade sonora de um aparelho intra-auricular no mercado.<\/p>\n<ul>\n<li>Intracanal customizado com bateria 312;<\/li>\n<li>Indicado para perda auditiva de grau leve at\u00e9 grau severo;<\/li>\n<li>Bot\u00e3o de programa;<\/li>\n<li>Conectividade com celular;<\/li>\n<li>Transmiss\u00e3o Direta de \u00c1udio via Bluetooth e funcionalidade sem fio.<\/li>\n<\/ul>\n","protected":false},"excerpt":{"rendered":"<p>O Ida BT G5 \u00e9 um aparelho personalizado com a tecnologia avan\u00e7ada e melhor qualidade sonora de um aparelho intra-auricular no mercado. Intracanal customizado com bateria 312; Indicado para perda auditiva de grau leve at\u00e9 grau severo; Bot\u00e3o de programa; Conectividade com celular; Transmiss\u00e3o Direta de \u00c1udio via Bluetooth e funcionalidade sem fio.<\/p>\n","protected":false},"featured_media":389,"comment_status":"open","ping_status":"closed","template":"","meta":[],"product_brand":[],"product_cat":[27],"product_tag":[],"class_list":{"0":"post-388","1":"product","2":"type-product","3":"status-publish","4":"has-post-thumbnail","6":"product_cat-intracanais","8":"first","9":"instock","10":"shipping-taxable","11":"product-type-simple"},"_links":{"self":[{"href":"https:\/\/audioquali.com.br\/index.php\/wp-json\/wp\/v2\/product\/388","targetHints":{"allow":["GET"]}}],"collection":[{"href":"https:\/\/audioquali.com.br\/index.php\/wp-json\/wp\/v2\/product"}],"about":[{"href":"https:\/\/audioquali.com.br\/index.php\/wp-json\/wp\/v2\/types\/product"}],"replies":[{"embeddable":true,"href":"https:\/\/audioquali.com.br\/index.php\/wp-json\/wp\/v2\/comments?post=388"}],"wp:featuredmedia":[{"embeddable":true,"href":"https:\/\/audioquali.com.br\/index.php\/wp-json\/wp\/v2\/media\/389"}],"wp:attachment":[{"href":"https:\/\/audioquali.com.br\/index.php\/wp-json\/wp\/v2\/media?parent=388"}],"wp:term":[{"taxonomy":"product_brand","embeddable":true,"href":"https:\/\/audioquali.com.br\/index.php\/wp-json\/wp\/v2\/product_brand?post=388"},{"taxonomy":"product_cat","embeddable":true,"href":"https:\/\/audioquali.com.br\/index.php\/wp-json\/wp\/v2\/product_cat?post=388"},{"taxonomy":"product_tag","embeddable":true,"href":"https:\/\/audioquali.com.br\/index.php\/wp-json\/wp\/v2\/product_tag?post=388"}],"curies":[{"name":"wp","href":"https:\/\/api.w.org\/{rel}","templated":true}]}}